
{"id":14595,"date":"2024-12-13T21:50:38","date_gmt":"2024-12-13T20:50:38","guid":{"rendered":"https:\/\/justinus.ch\/?page_id=14595"},"modified":"2024-12-18T16:26:28","modified_gmt":"2024-12-18T15:26:28","slug":"blaetter-dezember-2024","status":"publish","type":"page","link":"https:\/\/justinus.ch\/de\/blaetter-dezember-2024\/","title":{"rendered":"Bl\u00e4tter Dezember 2024"},"content":{"rendered":"","protected":false},"excerpt":{"rendered":"<p>Lukas 2, 16-21: \u00abSo eilten die Hirten hin und fanden Maria und Josef und das Kind, das in der Krippe lag. Als sie es sahen, erz\u00e4hlten sie, was ihnen \u00fcber dieses Kind gesagt worden war. Und alle, die es h\u00f6rten, staunten \u00fcber die Worte der Hirten. Maria aber bewahrte alles, was geschehen war, in ihrem Herzen und dachte dar\u00fcber nach.<\/p>\n","protected":false},"author":13,"featured_media":14571,"parent":0,"menu_order":0,"comment_status":"closed","ping_status":"closed","template":"article-page-parent.php","meta":{"_acf_changed":false,"footnotes":""},"categories":[135,136,138,160],"class_list":["post-14595","page","type-page","status-publish","has-post-thumbnail","hentry","category-2024-de","category-aktualitaet","category-blog_en-de","category-spiritualite-blog-de"],"acf":[],"yoast_head":"<!-- This site is optimized with the Yoast SEO plugin v27.6 - https:\/\/yoast.com\/product\/yoast-seo-wordpress\/ -->\n<title>Bl\u00e4tter Dezember 2024 - Saint-Justin<\/title>\n<meta name=\"robots\" content=\"index, follow, max-snippet:-1, max-image-preview:large, max-video-preview:-1\" \/>\n<link rel=\"canonical\" href=\"https:\/\/justinus.ch\/de\/blaetter-dezember-2024\/\" \/>\n<meta property=\"og:locale\" content=\"de_DE\" \/>\n<meta property=\"og:type\" content=\"article\" \/>\n<meta property=\"og:title\" content=\"Bl\u00e4tter Dezember 2024 - Saint-Justin\" \/>\n<meta property=\"og:description\" content=\"Lukas 2, 16-21: \u00abSo eilten die Hirten hin und fanden Maria und Josef und das Kind, das in der Krippe lag. Als sie es sahen, erz\u00e4hlten sie, was ihnen \u00fcber dieses Kind gesagt worden war. Und alle, die es h\u00f6rten, staunten \u00fcber die Worte der Hirten. Maria aber bewahrte alles, was geschehen war, in ihrem Herzen und dachte dar\u00fcber nach.\" \/>\n<meta property=\"og:url\" content=\"https:\/\/justinus.ch\/de\/blaetter-dezember-2024\/\" \/>\n<meta property=\"og:site_name\" content=\"Saint-Justin\" \/>\n<meta property=\"article:modified_time\" content=\"2024-12-18T15:26:28+00:00\" \/>\n<meta property=\"og:image\" content=\"https:\/\/justinus.ch\/wp-content\/uploads\/2024\/12\/Bd2024-p_cover_de-1024x808.png\" \/>\n\t<meta property=\"og:image:width\" content=\"1024\" \/>\n\t<meta property=\"og:image:height\" content=\"808\" \/>\n\t<meta property=\"og:image:type\" content=\"image\/png\" \/>\n<meta name=\"twitter:card\" content=\"summary_large_image\" \/>\n<meta name=\"twitter:label1\" content=\"Gesch\u00e4tzte Lesezeit\" \/>\n\t<meta name=\"twitter:data1\" content=\"1\u00a0Minute\" \/>\n<script type=\"application\/ld+json\" class=\"yoast-schema-graph\">{\"@context\":\"https:\\\/\\\/schema.org\",\"@graph\":[{\"@type\":\"WebPage\",\"@id\":\"https:\\\/\\\/justinus.ch\\\/de\\\/blaetter-dezember-2024\\\/\",\"url\":\"https:\\\/\\\/justinus.ch\\\/de\\\/blaetter-dezember-2024\\\/\",\"name\":\"Bl\u00e4tter Dezember 2024 - Saint-Justin\",\"isPartOf\":{\"@id\":\"https:\\\/\\\/justinus.ch\\\/de\\\/#website\"},\"primaryImageOfPage\":{\"@id\":\"https:\\\/\\\/justinus.ch\\\/de\\\/blaetter-dezember-2024\\\/#primaryimage\"},\"image\":{\"@id\":\"https:\\\/\\\/justinus.ch\\\/de\\\/blaetter-dezember-2024\\\/#primaryimage\"},\"thumbnailUrl\":\"https:\\\/\\\/justinus.ch\\\/wp-content\\\/uploads\\\/2024\\\/12\\\/Bd2024-p_cover_de.png\",\"datePublished\":\"2024-12-13T20:50:38+00:00\",\"dateModified\":\"2024-12-18T15:26:28+00:00\",\"breadcrumb\":{\"@id\":\"https:\\\/\\\/justinus.ch\\\/de\\\/blaetter-dezember-2024\\\/#breadcrumb\"},\"inLanguage\":\"de\",\"potentialAction\":[{\"@type\":\"ReadAction\",\"target\":[\"https:\\\/\\\/justinus.ch\\\/de\\\/blaetter-dezember-2024\\\/\"]}]},{\"@type\":\"ImageObject\",\"inLanguage\":\"de\",\"@id\":\"https:\\\/\\\/justinus.ch\\\/de\\\/blaetter-dezember-2024\\\/#primaryimage\",\"url\":\"https:\\\/\\\/justinus.ch\\\/wp-content\\\/uploads\\\/2024\\\/12\\\/Bd2024-p_cover_de.png\",\"contentUrl\":\"https:\\\/\\\/justinus.ch\\\/wp-content\\\/uploads\\\/2024\\\/12\\\/Bd2024-p_cover_de.png\",\"width\":1516,\"height\":1196},{\"@type\":\"BreadcrumbList\",\"@id\":\"https:\\\/\\\/justinus.ch\\\/de\\\/blaetter-dezember-2024\\\/#breadcrumb\",\"itemListElement\":[{\"@type\":\"ListItem\",\"position\":1,\"name\":\"Accueil\",\"item\":\"https:\\\/\\\/justinus.ch\\\/de\\\/\"},{\"@type\":\"ListItem\",\"position\":2,\"name\":\"Bl\u00e4tter Dezember 2024\"}]},{\"@type\":\"WebSite\",\"@id\":\"https:\\\/\\\/justinus.ch\\\/de\\\/#website\",\"url\":\"https:\\\/\\\/justinus.ch\\\/de\\\/\",\"name\":\"Saint-Justin\",\"description\":\"&quot;Donner de la joie i\u00e7i et ailleurs&quot;\",\"publisher\":{\"@id\":\"https:\\\/\\\/justinus.ch\\\/de\\\/#organization\"},\"potentialAction\":[{\"@type\":\"SearchAction\",\"target\":{\"@type\":\"EntryPoint\",\"urlTemplate\":\"https:\\\/\\\/justinus.ch\\\/de\\\/?s={search_term_string}\"},\"query-input\":{\"@type\":\"PropertyValueSpecification\",\"valueRequired\":true,\"valueName\":\"search_term_string\"}}],\"inLanguage\":\"de\"},{\"@type\":\"Organization\",\"@id\":\"https:\\\/\\\/justinus.ch\\\/de\\\/#organization\",\"name\":\"St-Justin\",\"url\":\"https:\\\/\\\/justinus.ch\\\/de\\\/\",\"logo\":{\"@type\":\"ImageObject\",\"inLanguage\":\"de\",\"@id\":\"https:\\\/\\\/justinus.ch\\\/de\\\/#\\\/schema\\\/logo\\\/image\\\/\",\"url\":\"https:\\\/\\\/justinus.ch\\\/wp-content\\\/uploads\\\/2021\\\/03\\\/logo-l.png\",\"contentUrl\":\"https:\\\/\\\/justinus.ch\\\/wp-content\\\/uploads\\\/2021\\\/03\\\/logo-l.png\",\"width\":486,\"height\":129,\"caption\":\"St-Justin\"},\"image\":{\"@id\":\"https:\\\/\\\/justinus.ch\\\/de\\\/#\\\/schema\\\/logo\\\/image\\\/\"}}]}<\/script>\n<!-- \/ Yoast SEO plugin. -->","yoast_head_json":{"title":"Bl\u00e4tter Dezember 2024 - Saint-Justin","robots":{"index":"index","follow":"follow","max-snippet":"max-snippet:-1","max-image-preview":"max-image-preview:large","max-video-preview":"max-video-preview:-1"},"canonical":"https:\/\/justinus.ch\/de\/blaetter-dezember-2024\/","og_locale":"de_DE","og_type":"article","og_title":"Bl\u00e4tter Dezember 2024 - Saint-Justin","og_description":"Lukas 2, 16-21: \u00abSo eilten die Hirten hin und fanden Maria und Josef und das Kind, das in der Krippe lag. Als sie es sahen, erz\u00e4hlten sie, was ihnen \u00fcber dieses Kind gesagt worden war. Und alle, die es h\u00f6rten, staunten \u00fcber die Worte der Hirten. Maria aber bewahrte alles, was geschehen war, in ihrem Herzen und dachte dar\u00fcber nach.","og_url":"https:\/\/justinus.ch\/de\/blaetter-dezember-2024\/","og_site_name":"Saint-Justin","article_modified_time":"2024-12-18T15:26:28+00:00","og_image":[{"width":1024,"height":808,"url":"https:\/\/justinus.ch\/wp-content\/uploads\/2024\/12\/Bd2024-p_cover_de-1024x808.png","type":"image\/png"}],"twitter_card":"summary_large_image","twitter_misc":{"Gesch\u00e4tzte Lesezeit":"1\u00a0Minute"},"schema":{"@context":"https:\/\/schema.org","@graph":[{"@type":"WebPage","@id":"https:\/\/justinus.ch\/de\/blaetter-dezember-2024\/","url":"https:\/\/justinus.ch\/de\/blaetter-dezember-2024\/","name":"Bl\u00e4tter Dezember 2024 - Saint-Justin","isPartOf":{"@id":"https:\/\/justinus.ch\/de\/#website"},"primaryImageOfPage":{"@id":"https:\/\/justinus.ch\/de\/blaetter-dezember-2024\/#primaryimage"},"image":{"@id":"https:\/\/justinus.ch\/de\/blaetter-dezember-2024\/#primaryimage"},"thumbnailUrl":"https:\/\/justinus.ch\/wp-content\/uploads\/2024\/12\/Bd2024-p_cover_de.png","datePublished":"2024-12-13T20:50:38+00:00","dateModified":"2024-12-18T15:26:28+00:00","breadcrumb":{"@id":"https:\/\/justinus.ch\/de\/blaetter-dezember-2024\/#breadcrumb"},"inLanguage":"de","potentialAction":[{"@type":"ReadAction","target":["https:\/\/justinus.ch\/de\/blaetter-dezember-2024\/"]}]},{"@type":"ImageObject","inLanguage":"de","@id":"https:\/\/justinus.ch\/de\/blaetter-dezember-2024\/#primaryimage","url":"https:\/\/justinus.ch\/wp-content\/uploads\/2024\/12\/Bd2024-p_cover_de.png","contentUrl":"https:\/\/justinus.ch\/wp-content\/uploads\/2024\/12\/Bd2024-p_cover_de.png","width":1516,"height":1196},{"@type":"BreadcrumbList","@id":"https:\/\/justinus.ch\/de\/blaetter-dezember-2024\/#breadcrumb","itemListElement":[{"@type":"ListItem","position":1,"name":"Accueil","item":"https:\/\/justinus.ch\/de\/"},{"@type":"ListItem","position":2,"name":"Bl\u00e4tter Dezember 2024"}]},{"@type":"WebSite","@id":"https:\/\/justinus.ch\/de\/#website","url":"https:\/\/justinus.ch\/de\/","name":"Saint-Justin","description":"&quot;Donner de la joie i\u00e7i et ailleurs&quot;","publisher":{"@id":"https:\/\/justinus.ch\/de\/#organization"},"potentialAction":[{"@type":"SearchAction","target":{"@type":"EntryPoint","urlTemplate":"https:\/\/justinus.ch\/de\/?s={search_term_string}"},"query-input":{"@type":"PropertyValueSpecification","valueRequired":true,"valueName":"search_term_string"}}],"inLanguage":"de"},{"@type":"Organization","@id":"https:\/\/justinus.ch\/de\/#organization","name":"St-Justin","url":"https:\/\/justinus.ch\/de\/","logo":{"@type":"ImageObject","inLanguage":"de","@id":"https:\/\/justinus.ch\/de\/#\/schema\/logo\/image\/","url":"https:\/\/justinus.ch\/wp-content\/uploads\/2021\/03\/logo-l.png","contentUrl":"https:\/\/justinus.ch\/wp-content\/uploads\/2021\/03\/logo-l.png","width":486,"height":129,"caption":"St-Justin"},"image":{"@id":"https:\/\/justinus.ch\/de\/#\/schema\/logo\/image\/"}}]}},"_links":{"self":[{"href":"https:\/\/justinus.ch\/de\/wp-json\/wp\/v2\/pages\/14595","targetHints":{"allow":["GET"]}}],"collection":[{"href":"https:\/\/justinus.ch\/de\/wp-json\/wp\/v2\/pages"}],"about":[{"href":"https:\/\/justinus.ch\/de\/wp-json\/wp\/v2\/types\/page"}],"author":[{"embeddable":true,"href":"https:\/\/justinus.ch\/de\/wp-json\/wp\/v2\/users\/13"}],"replies":[{"embeddable":true,"href":"https:\/\/justinus.ch\/de\/wp-json\/wp\/v2\/comments?post=14595"}],"version-history":[{"count":3,"href":"https:\/\/justinus.ch\/de\/wp-json\/wp\/v2\/pages\/14595\/revisions"}],"predecessor-version":[{"id":14809,"href":"https:\/\/justinus.ch\/de\/wp-json\/wp\/v2\/pages\/14595\/revisions\/14809"}],"wp:featuredmedia":[{"embeddable":true,"href":"https:\/\/justinus.ch\/de\/wp-json\/wp\/v2\/media\/14571"}],"wp:attachment":[{"href":"https:\/\/justinus.ch\/de\/wp-json\/wp\/v2\/media?parent=14595"}],"wp:term":[{"taxonomy":"category","embeddable":true,"href":"https:\/\/justinus.ch\/de\/wp-json\/wp\/v2\/categories?post=14595"}],"curies":[{"name":"wp","href":"https:\/\/api.w.org\/{rel}","templated":true}]}}