
{"id":17194,"date":"2026-04-23T11:47:56","date_gmt":"2026-04-23T09:47:56","guid":{"rendered":"https:\/\/justinus.ch\/?page_id=17194"},"modified":"2026-04-25T15:29:21","modified_gmt":"2026-04-25T13:29:21","slug":"blaetter-maerz-2026","status":"publish","type":"page","link":"https:\/\/justinus.ch\/de\/blaetter-maerz-2026\/","title":{"rendered":"Bl\u00e4tter M\u00e4rz 2026"},"content":{"rendered":"","protected":false},"excerpt":{"rendered":"<p>W\u00e4hrend soziale Bindungen zerfallen und manche Gesellschaften ins Wanken geraten, bildet das Justinuswerk ein kleines Schmuckst\u00fcck des Zusammenlebens. Hunderte verschiedene Kulturen begegnen sich in unseren Heimen, welche Sicherheit und Wohlwollen bieten, wie die Krippe der Geburt Christi.<\/p>\n","protected":false},"author":32,"featured_media":17426,"parent":0,"menu_order":0,"comment_status":"closed","ping_status":"closed","template":"article-page-parent.php","meta":{"_acf_changed":false,"footnotes":""},"categories":[172,136,138],"class_list":["post-17194","page","type-page","status-publish","has-post-thumbnail","hentry","category-2026-de","category-aktualitaet","category-blog_en-de"],"acf":[],"yoast_head":"<!-- This site is optimized with the Yoast SEO plugin v27.6 - https:\/\/yoast.com\/product\/yoast-seo-wordpress\/ -->\n<title>Bl\u00e4tter M\u00e4rz 2026 - Saint-Justin<\/title>\n<meta name=\"robots\" content=\"index, follow, max-snippet:-1, max-image-preview:large, max-video-preview:-1\" \/>\n<link rel=\"canonical\" href=\"https:\/\/justinus.ch\/de\/blaetter-maerz-2026\/\" \/>\n<meta property=\"og:locale\" content=\"de_DE\" \/>\n<meta property=\"og:type\" content=\"article\" \/>\n<meta property=\"og:title\" content=\"Bl\u00e4tter M\u00e4rz 2026 - Saint-Justin\" \/>\n<meta property=\"og:description\" content=\"W\u00e4hrend soziale Bindungen zerfallen und manche Gesellschaften ins Wanken geraten, bildet das Justinuswerk ein kleines Schmuckst\u00fcck des Zusammenlebens. Hunderte verschiedene Kulturen begegnen sich in unseren Heimen, welche Sicherheit und Wohlwollen bieten, wie die Krippe der Geburt Christi.\" \/>\n<meta property=\"og:url\" content=\"https:\/\/justinus.ch\/de\/blaetter-maerz-2026\/\" \/>\n<meta property=\"og:site_name\" content=\"Saint-Justin\" \/>\n<meta property=\"article:modified_time\" content=\"2026-04-25T13:29:21+00:00\" \/>\n<meta property=\"og:image\" content=\"https:\/\/justinus.ch\/wp-content\/uploads\/2026\/04\/Capture-decran-2026-04-23-114016.png\" \/>\n\t<meta property=\"og:image:width\" content=\"588\" \/>\n\t<meta property=\"og:image:height\" content=\"464\" \/>\n\t<meta property=\"og:image:type\" content=\"image\/png\" \/>\n<meta name=\"twitter:card\" content=\"summary_large_image\" \/>\n<meta name=\"twitter:label1\" content=\"Gesch\u00e4tzte Lesezeit\" \/>\n\t<meta name=\"twitter:data1\" content=\"1\u00a0Minute\" \/>\n<script type=\"application\/ld+json\" class=\"yoast-schema-graph\">{\"@context\":\"https:\\\/\\\/schema.org\",\"@graph\":[{\"@type\":\"WebPage\",\"@id\":\"https:\\\/\\\/justinus.ch\\\/de\\\/blaetter-maerz-2026\\\/\",\"url\":\"https:\\\/\\\/justinus.ch\\\/de\\\/blaetter-maerz-2026\\\/\",\"name\":\"Bl\u00e4tter M\u00e4rz 2026 - Saint-Justin\",\"isPartOf\":{\"@id\":\"https:\\\/\\\/justinus.ch\\\/de\\\/#website\"},\"primaryImageOfPage\":{\"@id\":\"https:\\\/\\\/justinus.ch\\\/de\\\/blaetter-maerz-2026\\\/#primaryimage\"},\"image\":{\"@id\":\"https:\\\/\\\/justinus.ch\\\/de\\\/blaetter-maerz-2026\\\/#primaryimage\"},\"thumbnailUrl\":\"https:\\\/\\\/justinus.ch\\\/wp-content\\\/uploads\\\/2026\\\/04\\\/Capture-decran-2026-04-23-114016.png\",\"datePublished\":\"2026-04-23T09:47:56+00:00\",\"dateModified\":\"2026-04-25T13:29:21+00:00\",\"breadcrumb\":{\"@id\":\"https:\\\/\\\/justinus.ch\\\/de\\\/blaetter-maerz-2026\\\/#breadcrumb\"},\"inLanguage\":\"de\",\"potentialAction\":[{\"@type\":\"ReadAction\",\"target\":[\"https:\\\/\\\/justinus.ch\\\/de\\\/blaetter-maerz-2026\\\/\"]}]},{\"@type\":\"ImageObject\",\"inLanguage\":\"de\",\"@id\":\"https:\\\/\\\/justinus.ch\\\/de\\\/blaetter-maerz-2026\\\/#primaryimage\",\"url\":\"https:\\\/\\\/justinus.ch\\\/wp-content\\\/uploads\\\/2026\\\/04\\\/Capture-decran-2026-04-23-114016.png\",\"contentUrl\":\"https:\\\/\\\/justinus.ch\\\/wp-content\\\/uploads\\\/2026\\\/04\\\/Capture-decran-2026-04-23-114016.png\",\"width\":588,\"height\":464},{\"@type\":\"BreadcrumbList\",\"@id\":\"https:\\\/\\\/justinus.ch\\\/de\\\/blaetter-maerz-2026\\\/#breadcrumb\",\"itemListElement\":[{\"@type\":\"ListItem\",\"position\":1,\"name\":\"Accueil\",\"item\":\"https:\\\/\\\/justinus.ch\\\/de\\\/\"},{\"@type\":\"ListItem\",\"position\":2,\"name\":\"Bl\u00e4tter M\u00e4rz 2026\"}]},{\"@type\":\"WebSite\",\"@id\":\"https:\\\/\\\/justinus.ch\\\/de\\\/#website\",\"url\":\"https:\\\/\\\/justinus.ch\\\/de\\\/\",\"name\":\"Saint-Justin\",\"description\":\"&quot;Donner de la joie i\u00e7i et ailleurs&quot;\",\"publisher\":{\"@id\":\"https:\\\/\\\/justinus.ch\\\/de\\\/#organization\"},\"potentialAction\":[{\"@type\":\"SearchAction\",\"target\":{\"@type\":\"EntryPoint\",\"urlTemplate\":\"https:\\\/\\\/justinus.ch\\\/de\\\/?s={search_term_string}\"},\"query-input\":{\"@type\":\"PropertyValueSpecification\",\"valueRequired\":true,\"valueName\":\"search_term_string\"}}],\"inLanguage\":\"de\"},{\"@type\":\"Organization\",\"@id\":\"https:\\\/\\\/justinus.ch\\\/de\\\/#organization\",\"name\":\"St-Justin\",\"url\":\"https:\\\/\\\/justinus.ch\\\/de\\\/\",\"logo\":{\"@type\":\"ImageObject\",\"inLanguage\":\"de\",\"@id\":\"https:\\\/\\\/justinus.ch\\\/de\\\/#\\\/schema\\\/logo\\\/image\\\/\",\"url\":\"https:\\\/\\\/justinus.ch\\\/wp-content\\\/uploads\\\/2021\\\/03\\\/logo-l.png\",\"contentUrl\":\"https:\\\/\\\/justinus.ch\\\/wp-content\\\/uploads\\\/2021\\\/03\\\/logo-l.png\",\"width\":486,\"height\":129,\"caption\":\"St-Justin\"},\"image\":{\"@id\":\"https:\\\/\\\/justinus.ch\\\/de\\\/#\\\/schema\\\/logo\\\/image\\\/\"}}]}<\/script>\n<!-- \/ Yoast SEO plugin. -->","yoast_head_json":{"title":"Bl\u00e4tter M\u00e4rz 2026 - Saint-Justin","robots":{"index":"index","follow":"follow","max-snippet":"max-snippet:-1","max-image-preview":"max-image-preview:large","max-video-preview":"max-video-preview:-1"},"canonical":"https:\/\/justinus.ch\/de\/blaetter-maerz-2026\/","og_locale":"de_DE","og_type":"article","og_title":"Bl\u00e4tter M\u00e4rz 2026 - Saint-Justin","og_description":"W\u00e4hrend soziale Bindungen zerfallen und manche Gesellschaften ins Wanken geraten, bildet das Justinuswerk ein kleines Schmuckst\u00fcck des Zusammenlebens. Hunderte verschiedene Kulturen begegnen sich in unseren Heimen, welche Sicherheit und Wohlwollen bieten, wie die Krippe der Geburt Christi.","og_url":"https:\/\/justinus.ch\/de\/blaetter-maerz-2026\/","og_site_name":"Saint-Justin","article_modified_time":"2026-04-25T13:29:21+00:00","og_image":[{"width":588,"height":464,"url":"https:\/\/justinus.ch\/wp-content\/uploads\/2026\/04\/Capture-decran-2026-04-23-114016.png","type":"image\/png"}],"twitter_card":"summary_large_image","twitter_misc":{"Gesch\u00e4tzte Lesezeit":"1\u00a0Minute"},"schema":{"@context":"https:\/\/schema.org","@graph":[{"@type":"WebPage","@id":"https:\/\/justinus.ch\/de\/blaetter-maerz-2026\/","url":"https:\/\/justinus.ch\/de\/blaetter-maerz-2026\/","name":"Bl\u00e4tter M\u00e4rz 2026 - Saint-Justin","isPartOf":{"@id":"https:\/\/justinus.ch\/de\/#website"},"primaryImageOfPage":{"@id":"https:\/\/justinus.ch\/de\/blaetter-maerz-2026\/#primaryimage"},"image":{"@id":"https:\/\/justinus.ch\/de\/blaetter-maerz-2026\/#primaryimage"},"thumbnailUrl":"https:\/\/justinus.ch\/wp-content\/uploads\/2026\/04\/Capture-decran-2026-04-23-114016.png","datePublished":"2026-04-23T09:47:56+00:00","dateModified":"2026-04-25T13:29:21+00:00","breadcrumb":{"@id":"https:\/\/justinus.ch\/de\/blaetter-maerz-2026\/#breadcrumb"},"inLanguage":"de","potentialAction":[{"@type":"ReadAction","target":["https:\/\/justinus.ch\/de\/blaetter-maerz-2026\/"]}]},{"@type":"ImageObject","inLanguage":"de","@id":"https:\/\/justinus.ch\/de\/blaetter-maerz-2026\/#primaryimage","url":"https:\/\/justinus.ch\/wp-content\/uploads\/2026\/04\/Capture-decran-2026-04-23-114016.png","contentUrl":"https:\/\/justinus.ch\/wp-content\/uploads\/2026\/04\/Capture-decran-2026-04-23-114016.png","width":588,"height":464},{"@type":"BreadcrumbList","@id":"https:\/\/justinus.ch\/de\/blaetter-maerz-2026\/#breadcrumb","itemListElement":[{"@type":"ListItem","position":1,"name":"Accueil","item":"https:\/\/justinus.ch\/de\/"},{"@type":"ListItem","position":2,"name":"Bl\u00e4tter M\u00e4rz 2026"}]},{"@type":"WebSite","@id":"https:\/\/justinus.ch\/de\/#website","url":"https:\/\/justinus.ch\/de\/","name":"Saint-Justin","description":"&quot;Donner de la joie i\u00e7i et ailleurs&quot;","publisher":{"@id":"https:\/\/justinus.ch\/de\/#organization"},"potentialAction":[{"@type":"SearchAction","target":{"@type":"EntryPoint","urlTemplate":"https:\/\/justinus.ch\/de\/?s={search_term_string}"},"query-input":{"@type":"PropertyValueSpecification","valueRequired":true,"valueName":"search_term_string"}}],"inLanguage":"de"},{"@type":"Organization","@id":"https:\/\/justinus.ch\/de\/#organization","name":"St-Justin","url":"https:\/\/justinus.ch\/de\/","logo":{"@type":"ImageObject","inLanguage":"de","@id":"https:\/\/justinus.ch\/de\/#\/schema\/logo\/image\/","url":"https:\/\/justinus.ch\/wp-content\/uploads\/2021\/03\/logo-l.png","contentUrl":"https:\/\/justinus.ch\/wp-content\/uploads\/2021\/03\/logo-l.png","width":486,"height":129,"caption":"St-Justin"},"image":{"@id":"https:\/\/justinus.ch\/de\/#\/schema\/logo\/image\/"}}]}},"_links":{"self":[{"href":"https:\/\/justinus.ch\/de\/wp-json\/wp\/v2\/pages\/17194","targetHints":{"allow":["GET"]}}],"collection":[{"href":"https:\/\/justinus.ch\/de\/wp-json\/wp\/v2\/pages"}],"about":[{"href":"https:\/\/justinus.ch\/de\/wp-json\/wp\/v2\/types\/page"}],"author":[{"embeddable":true,"href":"https:\/\/justinus.ch\/de\/wp-json\/wp\/v2\/users\/32"}],"replies":[{"embeddable":true,"href":"https:\/\/justinus.ch\/de\/wp-json\/wp\/v2\/comments?post=17194"}],"version-history":[{"count":16,"href":"https:\/\/justinus.ch\/de\/wp-json\/wp\/v2\/pages\/17194\/revisions"}],"predecessor-version":[{"id":17604,"href":"https:\/\/justinus.ch\/de\/wp-json\/wp\/v2\/pages\/17194\/revisions\/17604"}],"wp:featuredmedia":[{"embeddable":true,"href":"https:\/\/justinus.ch\/de\/wp-json\/wp\/v2\/media\/17426"}],"wp:attachment":[{"href":"https:\/\/justinus.ch\/de\/wp-json\/wp\/v2\/media?parent=17194"}],"wp:term":[{"taxonomy":"category","embeddable":true,"href":"https:\/\/justinus.ch\/de\/wp-json\/wp\/v2\/categories?post=17194"}],"curies":[{"name":"wp","href":"https:\/\/api.w.org\/{rel}","templated":true}]}}